{"id":878,"date":"2026-01-14T07:27:24","date_gmt":"2026-01-14T06:27:24","guid":{"rendered":"https:\/\/ichbestimmeselbst.de\/?page_id=878"},"modified":"2026-01-14T07:27:38","modified_gmt":"2026-01-14T06:27:38","slug":"erklaerung-zur-barrierefreiheit","status":"publish","type":"page","link":"https:\/\/ichbestimmeselbst.de\/index.php\/erklaerung-zur-barrierefreiheit\/","title":{"rendered":"Erkl\u00e4rung zur Barrierefreiheit"},"content":{"rendered":"<p>[et_pb_section fb_built=&#8220;1&#8243; module_id=&#8220;textseite&#8220; _builder_version=&#8220;4.27.5&#8243; _module_preset=&#8220;default&#8220; global_colors_info=&#8220;{}&#8220;][et_pb_row module_id=&#8220;home-02&#8243; _builder_version=&#8220;4.27.4&#8243; _module_preset=&#8220;default&#8220; global_colors_info=&#8220;{}&#8220;][et_pb_column type=&#8220;4_4&#8243; _builder_version=&#8220;4.27.4&#8243; _module_preset=&#8220;default&#8220; global_colors_info=&#8220;{}&#8220;][et_pb_text admin_label=&#8220;Erkl\u00e4rung zur Barrierefreiheit&#8220; _builder_version=&#8220;4.27.5&#8243; _module_preset=&#8220;default&#8220; global_colors_info=&#8220;{}&#8220;]<\/p>\n<h2><strong>Erkl\u00e4rung zur Barrierefreiheit<\/strong><\/h2>\n<p>[\/et_pb_text][et_pb_text _builder_version=&#8220;4.27.5&#8243; _module_preset=&#8220;default&#8220; global_colors_info=&#8220;{}&#8220;]<\/p>\n<p>Diese Erkl\u00e4rung zur Barrierefreiheit gilt f\u00fcr unsere Internetseite unter der Domain\u00a0<a href=\"http:\/\/www.kath-betreuungsvereine.de\/\">ichbestimmeselbst.de<\/a><\/p>\n<p>&nbsp;<\/p>\n<h3>Angaben zum Dienstleistungserbringer<\/h3>\n<p>Arbeitsstelle Rechtliche Betreuung DCV, SkF, SKM<br \/>im SKM Bundesverband<br \/>Sternstr. 71\u201373<br \/>40479 D\u00fcsseldorf<br \/>Telefon: 0211 233 948 0<br \/>E-Mail:\u00a0<a href=\"mailto:rechtliche-betreuung@skmev.de\">rechtliche-betreuung@skmev.de<\/a><\/p>\n<p>&nbsp;<\/p>\n<h3>Feedback und Kontakt<\/h3>\n<p>Sind Ihnen Barrieren beim Zugang zu Inhalten auf unserer Webseite aufgefallen? Dann k\u00f6nnen Sie sich gerne bei uns melden. Wir freuen uns auf Ihr Feedback und bem\u00fchen uns, die gemeldeten Barrieren in Rahmen der technischen und wirtschaftlichen M\u00f6glichkeiten schnellstm\u00f6glich zu beheben. Bitte teilen Sie uns mit, auf welcher Seite und bei welcher Funktion Sie auf Barrieren gesto\u00dfen sind. Kopieren Sie hierf\u00fcr einfach den Link aus der Adresszeile Ihres Browsers. Sie k\u00f6nnen uns \u00fcber folgende Wege Barrieren melden:<\/p>\n<p>Meldungen per E-Mail unter:\u00a0keine-barrieren@skmev.de<br \/>Meldungen per Telefon unter: 0211 233 948 0<\/p>\n<p>&nbsp;<\/p>\n<h3>Allgemeine Beschreibung der Dienstleistung<\/h3>\n<p>Auf unserer Webseite bieten wir Informationen zu unserem Verband an. Besucher*innen der Webseite haben die M\u00f6glichkeit sich \u00fcber unsere Dienste und Einrichtungen zu informieren und via Mail-Adresse oder Webformular Kontakt aufzunehmen. In einigen F\u00e4llen ist es weiterhin m\u00f6glich Online-Spenden zu t\u00e4tigen, sich f\u00fcr eine offene Stelle in unserem Verband zu bewerben oder einen Newsletter zu abonnieren.<\/p>\n<p>&nbsp;<\/p>\n<h3>Erkl\u00e4rung zur Barrierefreiheit<\/h3>\n<p>Als Verband sind wir bem\u00fcht, unsere Websites und mobilen Anwendungen im Einklang mit den Bestimmungen des Barrierefreiheitsst\u00e4rkungsgesetz (BFSG) sowie der Verordnung zum Barrierefreiheitsst\u00e4rkungsgesetz (BFSGV) zur Umsetzung der europ\u00e4ischen Barrierefreiheitsrichtlinie (Richtlinie (EU) 2019\/882 \u00fcber die Barrierefreiheitsanforderungen f\u00fcr Produkte und Dienstleistungen) barrierefrei zug\u00e4nglich zu machen. Die konkreten Anforderungen an die Barrierefreiheit sind dabei gem\u00e4\u00df \u00a714 BFSG i.V.m. \u00a7 3 Abs. 1 BFSG in der Verordnung zum Barrierefreiheitsst\u00e4rkungsgesetz (BFSGV) umgesetzt worden.<\/p>\n<p>&nbsp;<\/p>\n<h3>Konformit\u00e4tsstatus<\/h3>\n<p>Die konkreten technischen Ma\u00dfnahmen orientieren sich an WCAG 2.1 Level AA.<\/p>\n<h3>Bewertungsmethode und Bewertungszeitpunkt<\/h3>\n<p>Diese Erkl\u00e4rung zur Barrierefreiheit basiert auf einer Selbstbewertung mittels der Accessibility-Pr\u00fcftools \u201aWAVE\u2018 und \u201aLighthouse\u2018.<br \/>Die letzten \u00dcberpr\u00fcfung der o. g. Leistungen hinsichtlich der Anforderungen zur Barrierefreiheit wurde am 17. Juni 2025 durchgef\u00fchrt.<\/p>\n<p>&nbsp;<\/p>\n<h3>Stand der Vereinbarkeit mit den Anforderungen<\/h3>\n<p>Die oben genannte Dienstleistung ist teilweise mit dem Barrierefreiheitsst\u00e4rkungsgesetz (BFSG) vereinbar.<\/p>\n<p>Folgende Teile\/Inhalte\/Funktionen der Dienstleistung sind nicht oder nur teilweise barrierefrei:<\/p>\n<ul>\n<li><strong>Verst\u00e4ndlichkeit von Texten<\/strong><br \/>Es ist nicht gew\u00e4hrleistet, dass Texte auf der Webseite immer in leicht verst\u00e4ndlicher Sprache vorkommen. Stattdessen werden des \u00d6fteren fremdsprachige, juristische und fachspezifische Begriffe verwendet, die nicht gesondert erkl\u00e4rt werden.<\/li>\n<li><strong>Einsatz von PDF-Dokumenten<\/strong><br \/>Ein Teil der auf der Website verlinkten PDF-Dokumente sind Aufgrund grafisch aufw\u00e4ndiger Umsetzung nicht barrierefrei.<\/li>\n<li><strong>Einsatz von Videos<\/strong><br \/>Einige auf der Webseite eingesetzte Videos haben keine Untertitel und gelten somit als nicht barrierefrei.<\/li>\n<li><strong>Kontrast (Minimum)<br \/><\/strong>Bei einigen wenigen Elementen kann es zu einem verringerten Kontrastverh\u00e4ltnis kommen. Dies kann aber mittels der von uns bereitgestellten Accessibility Tools ver\u00e4ndert werden.<\/li>\n<li><strong>Einsatz von Grafiken<\/strong><br \/>Bei vielen Layoutgrafiken, die aus Barrierefreiheitsgr\u00fcnden mit einem leeren alt-Attribut versehen sein sollten, wird aus technischen Gr\u00fcnden immer ein bef\u00fclltes alt-Attribut ausgegeben. Es ist nicht gew\u00e4hrleistet, dass Informationsgrafiken eine ad\u00e4quate Textalternative haben, die alle Inhalte der Grafik vermitteln.<\/li>\n<li><strong>\u00dcberschriften-Auszeichnungen und Reihenfolgen<\/strong><br \/>Auf einigen Seiten die \u00dcberschriftenreihenfolge noch nicht korrekt. Wir sind bem\u00fcht, dies sukzessive zu beheben.<\/li>\n<li><strong>Historische Inhalte<\/strong><em><br \/><\/em>\u00c4ltere Inhalte, die vor dem Inkrafttreten der aktuellen Barrierefreiheitsrichtlinien erstellt wurden, sind m\u00f6glicherweise nicht vollst\u00e4ndig barrierefrei. Eine nachtr\u00e4gliche Anpassung dieser Inhalte w\u00fcrde unverh\u00e4ltnism\u00e4\u00dfig hohe Aufwendungen erfordern. Neue Inhalte werden jedoch, soweit wirtschaftlich vertretbar, nach den aktuellen Standards erstellt.<\/li>\n<\/ul>\n<p>&nbsp;<\/p>\n<h3>Durchsetzungsverfahren<\/h3>\n<p>Sollten Sie der Meinung sein, dass wir Ihr Feedback nicht angemessen ber\u00fccksichtigt haben oder dass unsere Website nicht den Anforderungen zur Barrierefreiheit entspricht, k\u00f6nnen Sie sich an die zust\u00e4ndige Durchsetzungsstelle wenden:<\/p>\n<p><em>Ministerium f\u00fcr Arbeit, Gesundheit und Soziales des Landes Nordrhein-Westfalen<\/em><br \/>Ombudsstelle f\u00fcr barrierefreie Informationstechnik<br \/>Beauftragte f\u00fcr die Belange der Menschen mit Behinderung<br \/>F\u00fcrstenwall 25<br \/>40219 D\u00fcsseldorf<br \/>Telefon: +49 211 855-3451<br \/>E-Mail:\u00a0<a href=\"mailto:ombudsstelle-barrierefreie-it@mags.nrw.de\">ombudsstelle-barrierefreie-it@mags.nrw.de<\/a><br \/>Internet:\u00a0<a href=\"https:\/\/www.mags.nrw\/ombudsstelle-barrierefreie-informationstechnik\">https:\/\/www.mags.nrw\/ombudsstelle-barrierefreie-informationstechnik<\/a><\/p>\n<p>&nbsp;<\/p>\n<h3>Schlusserkl\u00e4rung<\/h3>\n<p>Diese Erkl\u00e4rung zur Barrierefreiheit wurde mit gr\u00f6\u00dfter Sorgfalt erstellt und wird regelm\u00e4\u00dfig aktualisiert, um die aktuellen Anforderungen und Standards zu erf\u00fcllen. Dennoch k\u00f6nnen Fehler nicht v\u00f6llig ausgeschlossen werden. Falls Sie Fehler in dieser Erkl\u00e4rung finden, bitten wir um eine kurze R\u00fcckmeldung \u00fcber unsere E-Mail-Adresse im weiter oben angef\u00fchrten Bereich \u201aFeedback und Kontakt\u2018.<\/p>\n<p>[\/et_pb_text][\/et_pb_column][\/et_pb_row][\/et_pb_section][et_pb_section fb_built=&#8220;1&#8243; admin_label=&#8220;Footer Main&#8220; module_id=&#8220;new-footer&#8220; _builder_version=&#8220;4.27.4&#8243; _module_preset=&#8220;default&#8220; global_module=&#8220;70&#8243; saved_tabs=&#8220;all&#8220; global_colors_info=&#8220;{}&#8220;][et_pb_row column_structure=&#8220;1_3,1_3,1_3&#8243; _builder_version=&#8220;4.27.4&#8243; _module_preset=&#8220;default&#8220; global_colors_info=&#8220;{}&#8220;][et_pb_column type=&#8220;1_3&#8243; _builder_version=&#8220;4.27.4&#8243; _module_preset=&#8220;default&#8220; global_colors_info=&#8220;{}&#8220;][et_pb_text module_id=&#8220;standort&#8220; _builder_version=&#8220;4.27.5&#8243; _module_preset=&#8220;default&#8220; global_colors_info=&#8220;{}&#8220;]<\/p>\n<h2>Standort<\/h2>\n<p>Arbeitsstelle Rechtliche Betreuung DCV, SkF, SKM<br \/>im SKM Bundesverband<br \/>Sternstra\u00dfe 71-73<br \/>40479 D\u00fcsseldorf<br \/><a href=\"mailto:rechtliche-betreuung@skmev.de \">rechtliche-betreuung@skmev.de <\/a><\/p>\n<p>[\/et_pb_text][\/et_pb_column][et_pb_column type=&#8220;1_3&#8243; _builder_version=&#8220;4.27.4&#8243; _module_preset=&#8220;default&#8220; global_colors_info=&#8220;{}&#8220;][et_pb_text module_id=&#8220;footer-links&#8220; _builder_version=&#8220;4.27.5&#8243; _module_preset=&#8220;default&#8220; hover_enabled=&#8220;0&#8243; global_colors_info=&#8220;{}&#8220; sticky_enabled=&#8220;0&#8243;]<\/p>\n<p><a href=\"https:\/\/ichbestimmeselbst.de\/index.php\/kontakt\/\">Melde dich bei uns!<\/a><br \/><a href=\"https:\/\/ichbestimmeselbst.de\/index.php\/download-2\/\">Materialien zum Download<\/a><br \/><a href=\"https:\/\/ichbestimmeselbst.de\/index.php\/impressum\/\">Impressum<\/a><br \/><a href=\"https:\/\/ichbestimmeselbst.de\/index.php\/datenschutzerklaerung\/\">Datenschutz<\/a><br \/><a href=\"https:\/\/ichbestimmeselbst.de\/index.php\/erklaerung-zur-barrierefreiheit\/\">Barrierefreiheit<\/a><\/p>\n<p>[\/et_pb_text][\/et_pb_column][et_pb_column type=&#8220;1_3&#8243; _builder_version=&#8220;4.27.4&#8243; _module_preset=&#8220;default&#8220; global_colors_info=&#8220;{}&#8220;][et_pb_text module_id=&#8220;footer-social&#8220; _builder_version=&#8220;4.27.5&#8243; _module_preset=&#8220;default&#8220; global_colors_info=&#8220;{}&#8220;]<\/p>\n<p>Finde uns in den sozialen Medien:<\/p>\n<table style=\"border-collapse: collapse; width: 100%;\" border=\"1\">\n<tbody>\n<tr>\n<td style=\"width: 25%;\"><a href=\"https:\/\/www.instagram.com\/katholische.betreuungsvereine\/\" target=\"_blank\"><img loading=\"lazy\" decoding=\"async\" class=\"wp-image-29 alignnone size-full\" src=\"https:\/\/ichbestimmeselbst.de\/wp-content\/uploads\/2025\/10\/insta.png\" alt=\"\" width=\"114\" height=\"114\" \/><\/a><\/td>\n<td style=\"width: 25%;\"><a href=\"https:\/\/www.facebook.com\/KatholischeBetreuungsvereine\" target=\"_blank\"><img loading=\"lazy\" decoding=\"async\" class=\"wp-image-24 alignnone size-full\" src=\"https:\/\/ichbestimmeselbst.de\/wp-content\/uploads\/2025\/10\/fb.png\" alt=\"\" width=\"114\" height=\"113\" \/><\/a><\/td>\n<td style=\"width: 25%;\"><a href=\"https:\/\/www.linkedin.com\/company\/104911383\" target=\"_blank\"><img loading=\"lazy\" decoding=\"async\" class=\"wp-image-36 alignnone size-full\" src=\"https:\/\/ichbestimmeselbst.de\/wp-content\/uploads\/2025\/10\/linkedin.png\" alt=\"\" width=\"114\" height=\"113\" \/><\/a><\/td>\n<td style=\"width: 25%;\"><a href=\"https:\/\/www.youtube.com\/channel\/UCdvuAJU0C2joahCTUAxgXwQ\" target=\"_blank\"><img loading=\"lazy\" decoding=\"async\" class=\"wp-image-49 alignnone size-full\" src=\"https:\/\/ichbestimmeselbst.de\/wp-content\/uploads\/2025\/10\/youtube.png\" alt=\"\" width=\"113\" height=\"113\" \/><\/a><\/td>\n<\/tr>\n<\/tbody>\n<\/table>\n<p><span class=\"copyright\">\u00a9SKM Bundesverband<\/span>[\/et_pb_text][\/et_pb_column][\/et_pb_row][\/et_pb_section][et_pb_section fb_built=&#8220;1&#8243; admin_label=&#8220;Footer  Logos&#8220; module_id=&#8220;footer-logos&#8220; _builder_version=&#8220;4.27.4&#8243; _module_preset=&#8220;default&#8220; global_module=&#8220;71&#8243; saved_tabs=&#8220;all&#8220; global_colors_info=&#8220;{}&#8220;][et_pb_row _builder_version=&#8220;4.27.4&#8243; _module_preset=&#8220;default&#8220; global_colors_info=&#8220;{}&#8220;][et_pb_column type=&#8220;4_4&#8243; _builder_version=&#8220;4.27.4&#8243; _module_preset=&#8220;default&#8220; global_colors_info=&#8220;{}&#8220;][et_pb_text _builder_version=&#8220;4.27.4&#8243; _module_preset=&#8220;default&#8220; global_colors_info=&#8220;{}&#8220;]<\/p>\n<table style=\"border-collapse: collapse; width: 100%;\" border=\"1\">\n<tbody>\n<tr>\n<td style=\"width: 55%;\"><img loading=\"lazy\" decoding=\"async\" class=\"wp-image-21 alignnone size-full\" src=\"https:\/\/ichbestimmeselbst.de\/wp-content\/uploads\/2025\/10\/caritas-skf-skm.png\" alt=\"\" width=\"673\" height=\"197\" srcset=\"https:\/\/ichbestimmeselbst.de\/wp-content\/uploads\/2025\/10\/caritas-skf-skm.png 673w, https:\/\/ichbestimmeselbst.de\/wp-content\/uploads\/2025\/10\/caritas-skf-skm-480x141.png 480w\" sizes=\"(min-width: 0px) and (max-width: 480px) 480px, (min-width: 481px) 673px, 100vw\" \/><\/td>\n<td style=\"width: 45%;\"><a href=\"https:\/\/www.aktion-mensch.de\/inklusion\"><img loading=\"lazy\" decoding=\"async\" class=\"wp-image-18 alignnone size-full\" src=\"https:\/\/ichbestimmeselbst.de\/wp-content\/uploads\/2025\/10\/aktion-mensch.png\" alt=\"\" width=\"396\" height=\"232\" srcset=\"https:\/\/ichbestimmeselbst.de\/wp-content\/uploads\/2025\/10\/aktion-mensch.png 396w, https:\/\/ichbestimmeselbst.de\/wp-content\/uploads\/2025\/10\/aktion-mensch-300x176.png 300w\" sizes=\"(max-width: 396px) 100vw, 396px\" \/><\/a><\/td>\n<\/tr>\n<\/tbody>\n<\/table>\n<p>[\/et_pb_text][\/et_pb_column][\/et_pb_row][\/et_pb_section]<\/p>\n","protected":false},"excerpt":{"rendered":"<p>Erkl\u00e4rung zur BarrierefreiheitDiese Erkl\u00e4rung zur Barrierefreiheit gilt f\u00fcr unsere Internetseite unter der Domain\u00a0ichbestimmeselbst.de &nbsp; Angaben zum Dienstleistungserbringer Arbeitsstelle Rechtliche Betreuung DCV, SkF, SKMim SKM BundesverbandSternstr. 71\u20137340479 D\u00fcsseldorfTelefon: 0211 233 948 0E-Mail:\u00a0rechtliche-betreuung@skmev.de &nbsp; Feedback und Kontakt Sind Ihnen Barrieren beim Zugang zu Inhalten auf unserer Webseite aufgefallen? Dann k\u00f6nnen Sie sich gerne bei uns melden. Wir [&hellip;]<\/p>\n","protected":false},"author":2,"featured_media":0,"parent":0,"menu_order":0,"comment_status":"closed","ping_status":"closed","template":"","meta":{"_et_pb_use_builder":"on","_et_pb_old_content":"","_et_gb_content_width":"","footnotes":""},"class_list":["post-878","page","type-page","status-publish","hentry"],"_links":{"self":[{"href":"https:\/\/ichbestimmeselbst.de\/index.php\/wp-json\/wp\/v2\/pages\/878","targetHints":{"allow":["GET"]}}],"collection":[{"href":"https:\/\/ichbestimmeselbst.de\/index.php\/wp-json\/wp\/v2\/pages"}],"about":[{"href":"https:\/\/ichbestimmeselbst.de\/index.php\/wp-json\/wp\/v2\/types\/page"}],"author":[{"embeddable":true,"href":"https:\/\/ichbestimmeselbst.de\/index.php\/wp-json\/wp\/v2\/users\/2"}],"replies":[{"embeddable":true,"href":"https:\/\/ichbestimmeselbst.de\/index.php\/wp-json\/wp\/v2\/comments?post=878"}],"version-history":[{"count":3,"href":"https:\/\/ichbestimmeselbst.de\/index.php\/wp-json\/wp\/v2\/pages\/878\/revisions"}],"predecessor-version":[{"id":882,"href":"https:\/\/ichbestimmeselbst.de\/index.php\/wp-json\/wp\/v2\/pages\/878\/revisions\/882"}],"wp:attachment":[{"href":"https:\/\/ichbestimmeselbst.de\/index.php\/wp-json\/wp\/v2\/media?parent=878"}],"curies":[{"name":"wp","href":"https:\/\/api.w.org\/{rel}","templated":true}]}}