{"id":873,"date":"2026-01-14T07:20:14","date_gmt":"2026-01-14T06:20:14","guid":{"rendered":"https:\/\/ichbestimmeselbst.de\/?page_id=873"},"modified":"2026-02-11T09:42:02","modified_gmt":"2026-02-11T08:42:02","slug":"impressum","status":"publish","type":"page","link":"https:\/\/ichbestimmeselbst.de\/index.php\/impressum\/","title":{"rendered":"Impressum"},"content":{"rendered":"<p>[et_pb_section fb_built=&#8220;1&#8243; module_id=&#8220;textseite&#8220; _builder_version=&#8220;4.27.5&#8243; _module_preset=&#8220;default&#8220; global_colors_info=&#8220;{}&#8220;][et_pb_row module_id=&#8220;home-02&#8243; _builder_version=&#8220;4.27.4&#8243; _module_preset=&#8220;default&#8220; global_colors_info=&#8220;{}&#8220;][et_pb_column type=&#8220;4_4&#8243; _builder_version=&#8220;4.27.4&#8243; _module_preset=&#8220;default&#8220; global_colors_info=&#8220;{}&#8220;][et_pb_text admin_label=&#8220;Impressum&#8220; _builder_version=&#8220;4.27.5&#8243; _module_preset=&#8220;default&#8220; global_colors_info=&#8220;{}&#8220;]<\/p>\n<h2><strong>Impressum<\/strong><\/h2>\n<p>[\/et_pb_text][et_pb_text _builder_version=&#8220;4.27.5&#8243; _module_preset=&#8220;default&#8220; hover_enabled=&#8220;0&#8243; global_colors_info=&#8220;{}&#8220; sticky_enabled=&#8220;0&#8243;]<\/p>\n<p>Angaben nach \u00a7 5 DDG<\/p>\n<p>SKM Bundesverband e.V.<br \/>Verantwortlich: SKM Bundesvorstand<\/p>\n<p>Arbeitsstelle Rechtliche Betreuung DCV, SkF, SKM<br \/>Sternstr. 71-73<br \/>40479 D\u00fcsseldorf<\/p>\n<p>Der Verein ist im Vereinsregister des Amtsgerichts D\u00fcsseldorf unter der Registernummer VR 3385 eingetragen.<\/p>\n<p>&nbsp;<\/p>\n<h3>Vertretung des Vereins<\/h3>\n<p>Der Verein wird gesetzlich vertreten durch die Vorsitzende\/den Vorsitzenden des Vorstandes, bei deren\/dessen Verhinderung durch die stellvertretende Vorsitzende\/den stellvertretenden Vorsitzenden, jeweils zusammen mit einem weiteren Mitglied des Vorstandes. Der Generalsekret\u00e4r Stephan Buttgereit f\u00fchrt die laufenden Gesch\u00e4fte im Sinne des \u00a7 30 BGB.<\/p>\n<p>&nbsp;<\/p>\n<h3>Dem Vorstand geh\u00f6ren an:<\/h3>\n<p>Heinz-Georg Coenen (Vorsitzender)<br \/>Dr.-Ing Bernd Lewen (stellv. Vorsitzender)<br \/>Kaplan Jan Aleff (geistlicher Beirat)<br \/>Ulrike G\u00f6deke, Beisitzerin<br \/>Prof. Dr. Katrin Keller, Beisitzerin<br \/>Helmut M\u00fcller, Beisitzer<br \/>Hermann-Josef Schmeinck, Beisitzer<\/p>\n<p>&nbsp;<\/p>\n<h3>Kontakt<\/h3>\n<p>Telefon: 0211 233948-0<br \/>Fax: 0211 233948-72<br \/>E-Mail: skm@skmev.de<br \/>Homepage: <a href=\"http:\/\/www.skmev.de\">www.skmev.de<\/a><\/p>\n<p>&nbsp;<\/p>\n<h3>Redaktionell verantwortlich<\/h3>\n<p>Sanna Zachej<br \/>E-Mail: <a href=\"mailto:zachej@skmev.de\">zachej@skmev.de<\/a><\/p>\n<p>&nbsp;<\/p>\n<h3>Verbraucherstreitbeilegung\/Allgemeine Schlichtungsstelle<\/h3>\n<p>Wir sind weder bereit noch verpflichtet, an Streitbeilegungsverfahren vor einer<br \/>Verbraucherschlichtungsstelle teilzunehmen.<\/p>\n<p>&nbsp;<\/p>\n<h3>Disclaimer<\/h3>\n<p>Die Internetseite wurde mit gr\u00f6\u00dftm\u00f6glicher Sorgfalt zusammengestellt; eine Fehlerfreiheit der enthaltenen Informationen kann jedoch nicht garantiert werden. Die Nutzung der Inhalte der Website erfolgt auf eigene Gefahr.<\/p>\n<p>Diese Website enth\u00e4lt Verkn\u00fcpfungen zu externen Websites (\u201eexterne Links\u201c). Diese Websites unterliegen der Haftung der jeweiligen Betreiber. F\u00fcr externe Links zu fremden Inhalten k\u00f6nnen wir trotz sorgf\u00e4ltiger inhaltlicher Kontrolle keine Haftung \u00fcbernehmen.<\/p>\n<p>Wir machen uns die Inhalte fremder Websites nicht zu eigen und distanzieren uns ausdr\u00fccklich von deren Inhalten.<\/p>\n<p>Die SKM-Bundesgesch\u00e4ftsstelle hat bei der erstmaligen Verkn\u00fcpfung der externen Links \u00fcberpr\u00fcft, ob etwaige Rechtsverst\u00f6\u00dfe bestehen. Zu diesem Zeitpunkt waren keine Rechtsverst\u00f6\u00dfe ersichtlich. Der SKM hat jedoch keinerlei Einfluss auf die zuk\u00fcnftige Gestaltung und auf die Inhalte der verkn\u00fcpften Seiten.<\/p>\n<p>Alle Rechte vorbehalten. Text, Bilder, Grafiken und Animationen sowie deren Anordnung unterliegen dem Schutz des Urheberrechts und anderen Schutzgesetzen.<\/p>\n<p>Der Inhalt dieser Website darf nicht zu kommerziellen Zwecken kopiert, verbreitet, ver\u00e4ndert oder Dritten zug\u00e4nglich gemacht werden. Jede Verwertung bedarf der vorherigen schriftlichen Zustimmung.<\/p>\n<p>Die Verwendung der Impressumsangaben zur gewerblichen Werbung ist ausdr\u00fccklich nicht erw\u00fcnscht, es sei denn, wir haben zuvor eine schriftliche Einwilligung erteilt oder es besteht bereits eine Gesch\u00e4ftsbeziehung.<\/p>\n<p><strong>\u00a0<\/strong><\/p>\n<h3>Gestaltung und Technische Umsetzung<\/h3>\n<p>brandtec GmbH<br \/><a href=\"http:\/\/www.brandtec.de\">www.brandtec.de<\/a><\/p>\n<p>&nbsp;<\/p>\n<h3>Hosting<\/h3>\n<p>geon.de e.k.<br \/>Agentur f\u00fcr Mediendesign, Webgestaltung und -hosting<br \/>Burscheider Str. 160<br \/>51381 Leverkusen<br \/><a href=\"http:\/\/www.geon.de\">www.geon.de<\/a><\/p>\n<p>&nbsp;<\/p>\n<h3>Bildnachweise und Autoren<\/h3>\n<p>Bild Header: istockphoto<\/p>\n<p>Bild Ich bestimme Selbst: Unsplash, Jan Huber<\/p>\n<p>Bild Mehr Mitsprache f\u00fcr dich: istockphoto<\/p>\n<p>Bild unter Wichtige Dinge regeln: istockphoto<\/p>\n<p>Bild unter Deine Rechte <br \/>wahrnehmen: hannah-busing-Zyx1bK9mqmA-unsplash<br \/>(als Ersatz f\u00fcr das Teambild)<\/p>\n<p>Bild \u00fcber Aktuelle Neuigkeiten: Pexels, eine Marke der Canva Germany GmbH Andrea Piacquadio<\/p>\n<p>Bild im Schirm: Pexels, eine Marke der Canva Germany GmbH Diva Plavalaguna<\/p>\n<p>Weitere Bilder: Quelle (Autor) oder SKM Archiv<\/p>\n<p>Startseite<br \/>\niStock-1327845448<br \/>\nWegweiser: jan-huber-leYWZjdPW-g-unsplash<br \/>\niStock-1149278737\u00a9monkeybusinessimages<br \/>\niStock-926313098\u00a9FredFroese<br \/>\nhannah-busing-Zyx1bK9mqmA-unsplash<br \/>\npexels-andrea-piacquadio-3823489<br \/>\nArbeitsstelle Rechtliche Betreuung DCV, SkF, SKM<\/p>\n<p>Beitrag Rechtliche Betreuung in Einfacher Sprache<br \/>\nSKM im Bodenseekreis<br \/>\nSKM-Di\u00f6zesanverein Freiburg<br \/>\nPrivat\/Caritasverband f\u00fcr das Bistum Aachen<br \/>\nPrivat\/Caritasverband f\u00fcr das Erzbistum Paderborn<br \/>\nCaritas Betreuungsverein Potsdam<br \/>\nPrivat\/SkF Aschaffenburg<br \/>\nArbeitsstelle Rechtliche Betreuung DCV, SkF, SKM<br \/>\nTim Frankenheim\/SKM Bundesverband<\/p>\n<p>Beitrag Betreuungs\u00b7pizza<br \/>\nArbeitsstelle Rechtliche Betreuung DCV, SkF, SKM<\/p>\n<p>Beitrag Einfache Sprache in den sozialen Medien<br \/>\nPrivat\/SkF Aschaffenburg<br \/>\nArbeitsstelle Rechtliche Betreuung DCV, SkF, SKM<\/p>\n<p>Kontaktseite<br \/>\nArbeitsstelle Rechtliche Betreuung DCV, SkF, SKM<br \/>\nTim Frankenheim\/SKM Bundesverband<br \/>\n[\/et_pb_text][\/et_pb_column][\/et_pb_row][\/et_pb_section][et_pb_section fb_built=&#8220;1&#8243; admin_label=&#8220;Footer Main&#8220; module_id=&#8220;new-footer&#8220; _builder_version=&#8220;4.27.4&#8243; _module_preset=&#8220;default&#8220; global_module=&#8220;70&#8243; saved_tabs=&#8220;all&#8220; global_colors_info=&#8220;{}&#8220;][et_pb_row column_structure=&#8220;1_3,1_3,1_3&#8243; _builder_version=&#8220;4.27.4&#8243; _module_preset=&#8220;default&#8220; global_colors_info=&#8220;{}&#8220;][et_pb_column type=&#8220;1_3&#8243; _builder_version=&#8220;4.27.4&#8243; _module_preset=&#8220;default&#8220; global_colors_info=&#8220;{}&#8220;][et_pb_text module_id=&#8220;standort&#8220; _builder_version=&#8220;4.27.5&#8243; _module_preset=&#8220;default&#8220; global_colors_info=&#8220;{}&#8220;]<\/p>\n<h2>Standort<\/h2>\n<p>Arbeitsstelle Rechtliche Betreuung DCV, SkF, SKM<br \/>im SKM Bundesverband<br \/>Sternstra\u00dfe 71-73<br \/>40479 D\u00fcsseldorf<br \/><a href=\"mailto:rechtliche-betreuung@skmev.de \">rechtliche-betreuung@skmev.de <\/a><\/p>\n<p>[\/et_pb_text][\/et_pb_column][et_pb_column type=&#8220;1_3&#8243; _builder_version=&#8220;4.27.4&#8243; _module_preset=&#8220;default&#8220; global_colors_info=&#8220;{}&#8220;][et_pb_text module_id=&#8220;footer-links&#8220; _builder_version=&#8220;4.27.5&#8243; _module_preset=&#8220;default&#8220; global_colors_info=&#8220;{}&#8220;]<\/p>\n<p><a href=\"https:\/\/ichbestimmeselbst.de\/index.php\/kontakt\/\">Melde dich bei uns!<\/a><br \/><a href=\"https:\/\/ichbestimmeselbst.de\/index.php\/download-2\/\">Materialien zum Download<\/a><br \/><a href=\"https:\/\/ichbestimmeselbst.de\/index.php\/impressum\/\">Impressum<\/a><br \/><a href=\"https:\/\/ichbestimmeselbst.de\/index.php\/datenschutzerklaerung\/\">Datenschutz<\/a><br \/><a href=\"https:\/\/ichbestimmeselbst.de\/index.php\/erklaerung-zur-barrierefreiheit\/\">Barrierefreiheit<\/a><\/p>\n<p>[\/et_pb_text][\/et_pb_column][et_pb_column type=&#8220;1_3&#8243; _builder_version=&#8220;4.27.4&#8243; _module_preset=&#8220;default&#8220; global_colors_info=&#8220;{}&#8220;][et_pb_text module_id=&#8220;footer-social&#8220; _builder_version=&#8220;4.27.5&#8243; _module_preset=&#8220;default&#8220; global_colors_info=&#8220;{}&#8220;]<\/p>\n<p>Finde uns in den sozialen Medien:<\/p>\n<table style=\"border-collapse: collapse; width: 100%;\" border=\"1\">\n<tbody>\n<tr>\n<td style=\"width: 25%;\"><a href=\"https:\/\/www.instagram.com\/katholische.betreuungsvereine\/\" target=\"_blank\" rel=\"noopener\"><img loading=\"lazy\" decoding=\"async\" class=\"alignnone wp-image-29 size-full\" src=\"https:\/\/ichbestimmeselbst.de\/wp-content\/uploads\/2025\/10\/insta.png\" alt=\"Arbeitsstelle Rechtliche Betreuung auf Instagram\" width=\"114\" height=\"114\" \/><\/a><\/td>\n<td style=\"width: 25%;\"><a href=\"https:\/\/www.facebook.com\/KatholischeBetreuungsvereine\" target=\"_blank\" rel=\"noopener\"><img loading=\"lazy\" decoding=\"async\" class=\"alignnone wp-image-24 size-full\" src=\"https:\/\/ichbestimmeselbst.de\/wp-content\/uploads\/2025\/10\/fb.png\" alt=\"Arbeitsstelle Rechtliche Betreuung auf Facebook\" width=\"114\" height=\"113\" \/><\/a><\/td>\n<td style=\"width: 25%;\"><a href=\"https:\/\/www.linkedin.com\/company\/104911383\" target=\"_blank\" rel=\"noopener\"><img loading=\"lazy\" decoding=\"async\" class=\"alignnone wp-image-36 size-full\" src=\"https:\/\/ichbestimmeselbst.de\/wp-content\/uploads\/2025\/10\/linkedin.png\" alt=\"Arbeitsstelle Rechtliche Betreuung auf LinkedIn\" width=\"114\" height=\"113\" \/><\/a><\/td>\n<td style=\"width: 25%;\"><a href=\"https:\/\/www.youtube.com\/channel\/UCdvuAJU0C2joahCTUAxgXwQ\" target=\"_blank\" rel=\"noopener\"><img loading=\"lazy\" decoding=\"async\" class=\"alignnone wp-image-49 size-full\" src=\"https:\/\/ichbestimmeselbst.de\/wp-content\/uploads\/2025\/10\/youtube.png\" alt=\"Arbeitsstelle Rechtliche Betreuung auf Youtube\" width=\"113\" height=\"113\" \/><\/a><\/td>\n<\/tr>\n<\/tbody>\n<\/table>\n<p><span class=\"copyright\">\u00a9SKM Bundesverband<\/span><\/p>\n<p>[\/et_pb_text][\/et_pb_column][\/et_pb_row][\/et_pb_section][et_pb_section fb_built=&#8220;1&#8243; admin_label=&#8220;Footer  Logos&#8220; module_id=&#8220;footer-logos&#8220; _builder_version=&#8220;4.27.4&#8243; _module_preset=&#8220;default&#8220; global_module=&#8220;71&#8243; saved_tabs=&#8220;all&#8220; global_colors_info=&#8220;{}&#8220;][et_pb_row _builder_version=&#8220;4.27.4&#8243; _module_preset=&#8220;default&#8220; global_colors_info=&#8220;{}&#8220;][et_pb_column type=&#8220;4_4&#8243; _builder_version=&#8220;4.27.4&#8243; _module_preset=&#8220;default&#8220; global_colors_info=&#8220;{}&#8220;][et_pb_text _builder_version=&#8220;4.27.5&#8243; _module_preset=&#8220;default&#8220; global_colors_info=&#8220;{}&#8220;]<\/p>\n<table style=\"border-collapse: collapse; width: 100%;\" border=\"1\">\n<tbody>\n<tr>\n<td style=\"width: 55%;\"><img loading=\"lazy\" decoding=\"async\" class=\"wp-image-21 alignnone size-full\" src=\"\/wp-content\/uploads\/2026\/02\/3er-Logo_caritas_SkF_SKM.png\" alt=\"\" width=\"673\" height=\"225\" \/><\/td>\n<td style=\"width: 45%;\"><a href=\"https:\/\/www.aktion-mensch.de\/inklusion\"><img loading=\"lazy\" decoding=\"async\" class=\"alignnone wp-image-18 size-full\" src=\"https:\/\/ichbestimmeselbst.de\/wp-content\/uploads\/2025\/10\/aktion-mensch.png\" alt=\"Inklusionsseite der Aktion Mensch\" width=\"396\" height=\"232\" srcset=\"https:\/\/ichbestimmeselbst.de\/wp-content\/uploads\/2025\/10\/aktion-mensch.png 396w, https:\/\/ichbestimmeselbst.de\/wp-content\/uploads\/2025\/10\/aktion-mensch-300x176.png 300w\" sizes=\"(max-width: 396px) 100vw, 396px\" \/><\/a><\/td>\n<\/tr>\n<\/tbody>\n<\/table>\n<p>[\/et_pb_text][\/et_pb_column][\/et_pb_row][\/et_pb_section]<\/p>\n","protected":false},"excerpt":{"rendered":"<p>ImpressumAngaben nach \u00a7 5 DDG SKM Bundesverband e.V.Verantwortlich: SKM Bundesvorstand Arbeitsstelle Rechtliche Betreuung DCV, SkF, SKMSternstr. 71-7340479 D\u00fcsseldorf Der Verein ist im Vereinsregister des Amtsgerichts D\u00fcsseldorf unter der Registernummer VR 3385 eingetragen. &nbsp; Vertretung des Vereins Der Verein wird gesetzlich vertreten durch die Vorsitzende\/den Vorsitzenden des Vorstandes, bei deren\/dessen Verhinderung durch die stellvertretende Vorsitzende\/den stellvertretenden [&hellip;]<\/p>\n","protected":false},"author":2,"featured_media":0,"parent":0,"menu_order":0,"comment_status":"closed","ping_status":"closed","template":"","meta":{"_et_pb_use_builder":"on","_et_pb_old_content":"","_et_gb_content_width":"","footnotes":""},"class_list":["post-873","page","type-page","status-publish","hentry"],"_links":{"self":[{"href":"https:\/\/ichbestimmeselbst.de\/index.php\/wp-json\/wp\/v2\/pages\/873","targetHints":{"allow":["GET"]}}],"collection":[{"href":"https:\/\/ichbestimmeselbst.de\/index.php\/wp-json\/wp\/v2\/pages"}],"about":[{"href":"https:\/\/ichbestimmeselbst.de\/index.php\/wp-json\/wp\/v2\/types\/page"}],"author":[{"embeddable":true,"href":"https:\/\/ichbestimmeselbst.de\/index.php\/wp-json\/wp\/v2\/users\/2"}],"replies":[{"embeddable":true,"href":"https:\/\/ichbestimmeselbst.de\/index.php\/wp-json\/wp\/v2\/comments?post=873"}],"version-history":[{"count":5,"href":"https:\/\/ichbestimmeselbst.de\/index.php\/wp-json\/wp\/v2\/pages\/873\/revisions"}],"predecessor-version":[{"id":987,"href":"https:\/\/ichbestimmeselbst.de\/index.php\/wp-json\/wp\/v2\/pages\/873\/revisions\/987"}],"wp:attachment":[{"href":"https:\/\/ichbestimmeselbst.de\/index.php\/wp-json\/wp\/v2\/media?parent=873"}],"curies":[{"name":"wp","href":"https:\/\/api.w.org\/{rel}","templated":true}]}}