{"id":789,"date":"2025-12-08T12:35:20","date_gmt":"2025-12-08T11:35:20","guid":{"rendered":"https:\/\/ichbestimmeselbst.de\/?page_id=789"},"modified":"2026-03-17T14:49:05","modified_gmt":"2026-03-17T13:49:05","slug":"beschwerdeformulare","status":"publish","type":"page","link":"https:\/\/ichbestimmeselbst.de\/index.php\/beschwerdeformulare\/","title":{"rendered":"Beschwerdeformulare"},"content":{"rendered":"<p>[et_pb_section fb_built=&#8220;1&#8243; _builder_version=&#8220;4.27.4&#8243; _module_preset=&#8220;default&#8220; global_colors_info=&#8220;{}&#8220;][et_pb_row module_id=&#8220;home-02&#8243; _builder_version=&#8220;4.27.4&#8243; _module_preset=&#8220;default&#8220; global_colors_info=&#8220;{}&#8220;][et_pb_column type=&#8220;4_4&#8243; _builder_version=&#8220;4.27.4&#8243; _module_preset=&#8220;default&#8220; global_colors_info=&#8220;{}&#8220;][et_pb_text admin_label=&#8220;Download&#8220; _builder_version=&#8220;4.27.5&#8243; _module_preset=&#8220;default&#8220; hover_enabled=&#8220;0&#8243; global_colors_info=&#8220;{}&#8220; sticky_enabled=&#8220;0&#8243;]<\/p>\n<h3>Alle Informationen und Dokumente im \u00dcberblick<\/h3>\n<h2>Formulare<\/h2>\n<p>[\/et_pb_text][et_pb_tabs module_class=&#8220;download-klassen&#8220; _builder_version=&#8220;4.27.5&#8243; _module_preset=&#8220;default&#8220; global_colors_info=&#8220;{}&#8220;][et_pb_tab title=&#8220;Beschwerdeformulare&#8220; _builder_version=&#8220;4.27.5&#8243; _module_preset=&#8220;default&#8220; global_colors_info=&#8220;{}&#8220;]<\/p>\n<table class=\"link\" style=\"border-collapse: collapse; height: 280px;\">\n<tbody>\n<tr style=\"height: 257px;\">\n<td style=\"width: 933.997px; height: 257px;\"><img loading=\"lazy\" decoding=\"async\" class=\"wp-image-1087 alignnone size-medium\" src=\"https:\/\/ichbestimmeselbst.de\/wp-content\/uploads\/2026\/03\/Was-mache-ich-bei-Problemen-mit-meinem-rechtlichen-Betreuer-Screenshot-TH-Koeln-Video-300x161.jpg\" alt=\"Screenshot von Videotitelbild: Was mache ich bei Problemen mit meinem rechtlichen Betreuer?\" width=\"300\" height=\"161\" \/><\/td>\n<\/tr>\n<tr>\n<td style=\"width: 933.997px;\"><a href=\"https:\/\/youtu.be\/fu60W782KgA\">Was mache ich bei Problemen mit meinem rechtlichen Betreuer? [Video TH K\u00f6ln]<\/a><\/td>\n<\/tr>\n<\/tbody>\n<\/table>\n<p>&nbsp;<\/p>\n<table style=\"border-collapse: collapse;\">\n<tbody>\n<tr>\n<td style=\"width: 934px;\"><img loading=\"lazy\" decoding=\"async\" class=\"wp-image-818 alignnone size-medium\" src=\"https:\/\/ichbestimmeselbst.de\/wp-content\/uploads\/2026\/01\/1.png\" alt=\"Mit diesem Formular kannst du dem Gericht mitteilen, dass du eine andere rechtliche Betreuung m\u00f6chtest. Du kannst hier eine bestimmte Person vorschlagen, von der du m\u00f6chtest, dass sie diese Aufgabe \u00fcbernimmt. Du kannst au\u00dferdem angeben, warum du den Wechsel m\u00f6chtest.\" width=\"300\" height=\"251\" \/><\/td>\n<\/tr>\n<tr>\n<td style=\"width: 934px;\"><a href=\"https:\/\/ichbestimmeselbst.de\/wp-content\/uploads\/2026\/01\/Antrag-auf-Betreuerwechsel_einfache_Sprache_wenn-ich-eine-Person-voschlage.pdf\" target=\"_blank\" rel=\"noopener\">Antrag auf Betreuerwechsel einfache Sprache (wenn ich eine Person voschlage)<\/a><\/td>\n<\/tr>\n<\/tbody>\n<\/table>\n<p>&nbsp;<\/p>\n<table style=\"border-collapse: collapse;\">\n<tbody>\n<tr>\n<td style=\"width: 934px;\"><img loading=\"lazy\" decoding=\"async\" class=\"wp-image-819 alignnone size-medium\" src=\"https:\/\/ichbestimmeselbst.de\/wp-content\/uploads\/2026\/01\/2.png\" alt=\"Hier kannst du dem Gericht sagen, dass du eine neue rechtliche Betreuung m\u00f6chtest, ohne selbst eine Person vorzuschlagen. Du kannst die Gr\u00fcnde ankreuzen, warum du den Wechsel m\u00f6chtest.\" width=\"300\" height=\"251\" \/><\/td>\n<\/tr>\n<tr>\n<td style=\"width: 934px;\"><a href=\"https:\/\/ichbestimmeselbst.de\/wp-content\/uploads\/2026\/01\/Antrag-auf-Betreuerwechsel_einfache_Sprache_wenn-ich-keine-Person-vorschlage.pdf\">Antrag auf Betreuerwechsel einfache Sprache (wenn ich keine Person vorschlage)<\/a><\/td>\n<\/tr>\n<\/tbody>\n<\/table>\n<p>&nbsp;<\/p>\n<table style=\"border-collapse: collapse;\">\n<tbody>\n<tr>\n<td style=\"width: 934px;\"><img loading=\"lazy\" decoding=\"async\" class=\"wp-image-822 alignnone size-medium\" src=\"https:\/\/ichbestimmeselbst.de\/wp-content\/uploads\/2026\/01\/5.png\" alt=\"Mit diesem Formular kannst du beim Gericht beantragen, dass deine rechtliche Betreuung beendet wird. Du kannst angeben, was du inzwischen wieder selbst erledigen kannst \u2013 zum Beispiel Termine, Post oder Geldangelegenheiten.\" width=\"300\" height=\"251\" \/><\/td>\n<\/tr>\n<tr>\n<td style=\"width: 934px;\"><a href=\"https:\/\/ichbestimmeselbst.de\/wp-content\/uploads\/2026\/01\/Antrag-auf-Betreuerwechsel_einfache_Sprache_wenn-ich-eine-Person-voschlage.pdf\" target=\"_blank\" rel=\"noopener\">Antrag auf Betreuerwechsel einfache Sprache (wenn ich eine Person voschlage)<\/a><\/td>\n<\/tr>\n<\/tbody>\n<\/table>\n<p>&nbsp;<\/p>\n<table style=\"border-collapse: collapse;\">\n<tbody>\n<tr>\n<td style=\"width: 934px;\"><img loading=\"lazy\" decoding=\"async\" class=\"wp-image-824 alignnone size-medium\" src=\"https:\/\/ichbestimmeselbst.de\/wp-content\/uploads\/2026\/01\/7.png\" alt=\"Mit diesem Formular kannst du beim Gericht beantragen, dass einzelne Teile deiner rechtlichen Betreuung wegfallen \u2013 zum Beispiel im Bereich Post, Geld oder Gesundheit. Du kannst ankreuzen, was du wieder selbst erledigen kannst.\" width=\"300\" height=\"251\" \/><\/td>\n<\/tr>\n<tr>\n<td style=\"width: 934px;\"><a href=\"https:\/\/ichbestimmeselbst.de\/wp-content\/uploads\/2026\/01\/Aufhebung-einzelne-Aufgabenbereich_einfache_Sprache.pdf\">Aufhebung einzelne Aufgabenbereich einfache Sprache<\/a><\/td>\n<\/tr>\n<\/tbody>\n<\/table>\n<p>&nbsp;<\/p>\n<table style=\"border-collapse: collapse; height: 280px;\">\n<tbody>\n<tr style=\"height: 257px;\">\n<td style=\"width: 934px; height: 257px;\"><img loading=\"lazy\" decoding=\"async\" class=\"wp-image-826 alignnone size-medium\" src=\"https:\/\/ichbestimmeselbst.de\/wp-content\/uploads\/2026\/01\/9.png\" alt=\"Mit diesem Formular kannst du dich beim Gericht \u00fcber deine rechtliche Betreuungs\u00b7person beschweren. Du kannst ankreuzen, was f\u00fcr dich nicht gut l\u00e4uft \u2013 zum Beispiel Entscheidungen, mit denen du nicht einverstanden bist oder zu wenig Informationen oder fehlender Kontakt.\" width=\"300\" height=\"251\" \/><\/td>\n<\/tr>\n<tr>\n<td style=\"width: 934px;\"><a href=\"https:\/\/ichbestimmeselbst.de\/wp-content\/uploads\/2026\/01\/Beschwerde-bei-Gericht-ueber-rechtliche-Betreuungsperson_einfache-Sprache.pdf\">Beschwerde bei Gericht \u00fcber rechtliche Betreuungsperson einfache Sprache<\/a><\/td>\n<\/tr>\n<\/tbody>\n<\/table>\n<p>&nbsp;<\/p>\n<table style=\"border-collapse: collapse;\">\n<tbody>\n<tr>\n<td style=\"width: 934px;\"><img loading=\"lazy\" decoding=\"async\" class=\"wp-image-820 alignnone size-medium\" src=\"https:\/\/ichbestimmeselbst.de\/wp-content\/uploads\/2026\/01\/3.png\" alt=\"Hier kannst du dem Gericht sagen, dass du eine neue rechtliche Betreuung m\u00f6chtest, ohne selbst eine Person vorzuschlagen. Du kannst die Gr\u00fcnde ankreuzen, warum du den Wechsel m\u00f6chtest.\" width=\"300\" height=\"251\" \/><\/td>\n<\/tr>\n<tr>\n<td style=\"width: 934px;\"><a href=\"https:\/\/ichbestimmeselbst.de\/wp-content\/uploads\/2026\/01\/Antrag-auf-Betreuerwechsel_schwere_Sprache_wenn-ich-eine-Person-voschlage.pdf\">Antrag auf Betreuerwechsel schwere Sprache (wenn ich eine Person voschlage)<\/a><\/td>\n<\/tr>\n<\/tbody>\n<\/table>\n<p>&nbsp;<\/p>\n<table style=\"border-collapse: collapse;\">\n<tbody>\n<tr>\n<td style=\"width: 934px;\"><img loading=\"lazy\" decoding=\"async\" class=\"wp-image-821 alignnone size-medium\" src=\"https:\/\/ichbestimmeselbst.de\/wp-content\/uploads\/2026\/01\/4.png\" alt=\"Mit diesem Formular kannst du eine neue rechtliche Betreuung beantragen, ohne eine bestimmte Person vorzuschlagen. Das Formular ist in schwererer Sprache geschrieben und enth\u00e4lt gesetzliche Hinweise. Du kannst die Gr\u00fcnde angeben, warum du einen Wechsel brauchst.\" width=\"300\" height=\"251\" \/><\/td>\n<\/tr>\n<tr>\n<td style=\"width: 934px;\"><a href=\"https:\/\/ichbestimmeselbst.de\/wp-content\/uploads\/2026\/01\/Antrag-auf-Betreuerwechsel_schwere_Sprache_wenn-ich-keine-Person-voschlage.pdf\">Antrag auf Betreuerwechsel schwere Sprache (wenn ich keine Person voschlage)<\/a><\/td>\n<\/tr>\n<\/tbody>\n<\/table>\n<p>&nbsp;<\/p>\n<table style=\"border-collapse: collapse;\">\n<tbody>\n<tr>\n<td style=\"width: 934px;\"><img loading=\"lazy\" decoding=\"async\" class=\"wp-image-823 alignnone size-medium\" src=\"https:\/\/ichbestimmeselbst.de\/wp-content\/uploads\/2026\/01\/6.png\" alt=\"Mit diesem Formular kannst du einen Antrag stellen: die bestehende rechtliche Betreuung soll aufgehoben werden. Es richtet sich an Personen, die die Formulierungen in Gesetzes\u00b7sprache lesen m\u00f6chten. Das Formular enth\u00e4lt Hinweise auf die entsprechenden Rechts\u00b7grundlagen.\" width=\"300\" height=\"251\" \/><\/td>\n<\/tr>\n<tr>\n<td style=\"width: 934px;\"><a href=\"https:\/\/ichbestimmeselbst.de\/wp-content\/uploads\/2026\/01\/Antrag-Aufhebung-der-Betreuung_schwere_Sprache.pdf\">Antrag Aufhebung der Betreuung schwere Sprache<\/a><\/td>\n<\/tr>\n<\/tbody>\n<\/table>\n<p>&nbsp;<\/p>\n<table style=\"border-collapse: collapse; height: 280px;\">\n<tbody>\n<tr style=\"height: 257px;\">\n<td style=\"width: 934px; height: 257px;\"><img loading=\"lazy\" decoding=\"async\" class=\"wp-image-825 alignnone size-medium\" src=\"https:\/\/ichbestimmeselbst.de\/wp-content\/uploads\/2026\/01\/8.png\" alt=\"Dieses Formular nutzt gesetzliche Formulierungen. Es richtet sich an Personen, die in schwerer Sprache beantragen m\u00f6chten, dass einzelne Aufgaben\u00b7bereiche ihrer rechtlichen Betreuung beendet werden. Du kannst angeben, welche Bereiche betroffen sind.\" width=\"300\" height=\"251\" \/><\/td>\n<\/tr>\n<tr>\n<td style=\"width: 934px;\"><a href=\"https:\/\/ichbestimmeselbst.de\/wp-content\/uploads\/2026\/01\/Aufhebung-einzelne-Aufgabenbereich_schwere_Sprache.pdf\">Aufhebung einzelne Aufgabenbereich schwere Sprache<\/a><\/td>\n<\/tr>\n<\/tbody>\n<\/table>\n<p>&nbsp;<\/p>\n<p>[\/et_pb_tab][\/et_pb_tabs][\/et_pb_column][\/et_pb_row][\/et_pb_section][et_pb_section fb_built=&#8220;1&#8243; admin_label=&#8220;Footer Main&#8220; module_id=&#8220;new-footer&#8220; _builder_version=&#8220;4.27.4&#8243; _module_preset=&#8220;default&#8220; global_module=&#8220;70&#8243; saved_tabs=&#8220;all&#8220; global_colors_info=&#8220;{}&#8220;][et_pb_row column_structure=&#8220;1_3,1_3,1_3&#8243; _builder_version=&#8220;4.27.4&#8243; _module_preset=&#8220;default&#8220; global_colors_info=&#8220;{}&#8220;][et_pb_column type=&#8220;1_3&#8243; _builder_version=&#8220;4.27.4&#8243; _module_preset=&#8220;default&#8220; global_colors_info=&#8220;{}&#8220;][et_pb_text module_id=&#8220;standort&#8220; _builder_version=&#8220;4.27.5&#8243; _module_preset=&#8220;default&#8220; global_colors_info=&#8220;{}&#8220;]<\/p>\n<h2>Standort<\/h2>\n<p>Arbeitsstelle Rechtliche Betreuung DCV, SkF, SKM<br \/>im SKM Bundesverband<br \/>Sternstra\u00dfe 71-73<br \/>40479 D\u00fcsseldorf<br \/><a href=\"mailto:rechtliche-betreuung@skmev.de \">rechtliche-betreuung@skmev.de <\/a><\/p>\n<p>[\/et_pb_text][\/et_pb_column][et_pb_column type=&#8220;1_3&#8243; _builder_version=&#8220;4.27.4&#8243; _module_preset=&#8220;default&#8220; global_colors_info=&#8220;{}&#8220;][et_pb_text module_id=&#8220;footer-links&#8220; _builder_version=&#8220;4.27.5&#8243; _module_preset=&#8220;default&#8220; global_colors_info=&#8220;{}&#8220;]<\/p>\n<p><a href=\"https:\/\/ichbestimmeselbst.de\/index.php\/kontakt\/\">Melde dich bei uns!<\/a><br \/><a href=\"https:\/\/ichbestimmeselbst.de\/index.php\/download-2\/\">Materialien zum Download<\/a><br \/><a href=\"https:\/\/ichbestimmeselbst.de\/index.php\/impressum\/\">Impressum<\/a><br \/><a href=\"https:\/\/ichbestimmeselbst.de\/index.php\/datenschutzerklaerung\/\">Datenschutz<\/a><br \/><a href=\"https:\/\/ichbestimmeselbst.de\/index.php\/erklaerung-zur-barrierefreiheit\/\">Barrierefreiheit<\/a><\/p>\n<p>[\/et_pb_text][\/et_pb_column][et_pb_column type=&#8220;1_3&#8243; _builder_version=&#8220;4.27.4&#8243; _module_preset=&#8220;default&#8220; global_colors_info=&#8220;{}&#8220;][et_pb_text module_id=&#8220;footer-social&#8220; _builder_version=&#8220;4.27.5&#8243; _module_preset=&#8220;default&#8220; global_colors_info=&#8220;{}&#8220;]<\/p>\n<p>Finde uns in den sozialen Medien:<\/p>\n<table style=\"border-collapse: collapse; width: 100%;\" border=\"1\">\n<tbody>\n<tr>\n<td style=\"width: 25%;\"><a href=\"https:\/\/www.instagram.com\/katholische.betreuungsvereine\/\" target=\"_blank\" rel=\"noopener\"><img loading=\"lazy\" decoding=\"async\" class=\"alignnone wp-image-29 size-full\" src=\"https:\/\/ichbestimmeselbst.de\/wp-content\/uploads\/2025\/10\/insta.png\" alt=\"Arbeitsstelle Rechtliche Betreuung auf Instagram\" width=\"114\" height=\"114\" data-wp-editing=\"1\" \/><\/a><\/td>\n<td style=\"width: 25%;\"><a href=\"https:\/\/www.facebook.com\/KatholischeBetreuungsvereine\" target=\"_blank\" rel=\"noopener\"><img loading=\"lazy\" decoding=\"async\" class=\"alignnone wp-image-24 size-full\" src=\"https:\/\/ichbestimmeselbst.de\/wp-content\/uploads\/2025\/10\/fb.png\" alt=\"Arbeitsstelle Rechtliche Betreuung auf Facebook\" width=\"114\" height=\"113\" \/><\/a><\/td>\n<td style=\"width: 25%;\"><a href=\"https:\/\/www.linkedin.com\/company\/104911383\" target=\"_blank\" rel=\"noopener\"><img loading=\"lazy\" decoding=\"async\" class=\"alignnone wp-image-36 size-full\" src=\"https:\/\/ichbestimmeselbst.de\/wp-content\/uploads\/2025\/10\/linkedin.png\" alt=\"Arbeitsstelle Rechtliche Betreuung auf LinkedIn\" width=\"114\" height=\"113\" \/><\/a><\/td>\n<td style=\"width: 25%;\"><a href=\"https:\/\/www.youtube.com\/channel\/UCdvuAJU0C2joahCTUAxgXwQ\" target=\"_blank\" rel=\"noopener\"><img loading=\"lazy\" decoding=\"async\" class=\"alignnone wp-image-49 size-full\" src=\"https:\/\/ichbestimmeselbst.de\/wp-content\/uploads\/2025\/10\/youtube.png\" alt=\"Arbeitsstelle Rechtliche Betreuung auf Youtube\" width=\"113\" height=\"113\" \/><\/a><\/td>\n<\/tr>\n<\/tbody>\n<\/table>\n<p><span class=\"copyright\">\u00a9SKM Bundesverband<\/span><\/p>\n<p>[\/et_pb_text][\/et_pb_column][\/et_pb_row][\/et_pb_section][et_pb_section fb_built=&#8220;1&#8243; admin_label=&#8220;Footer  Logos&#8220; module_id=&#8220;footer-logos&#8220; _builder_version=&#8220;4.27.4&#8243; _module_preset=&#8220;default&#8220; global_module=&#8220;71&#8243; saved_tabs=&#8220;all&#8220; global_colors_info=&#8220;{}&#8220;][et_pb_row _builder_version=&#8220;4.27.4&#8243; _module_preset=&#8220;default&#8220; global_colors_info=&#8220;{}&#8220;][et_pb_column type=&#8220;4_4&#8243; _builder_version=&#8220;4.27.4&#8243; _module_preset=&#8220;default&#8220; global_colors_info=&#8220;{}&#8220;][et_pb_text _builder_version=&#8220;4.27.5&#8243; _module_preset=&#8220;default&#8220; global_colors_info=&#8220;{}&#8220;]<\/p>\n<table style=\"border-collapse: collapse; width: 100%;\" border=\"1\">\n<tbody>\n<tr>\n<td style=\"width: 55%;\"><img loading=\"lazy\" decoding=\"async\" class=\"wp-image-21 alignnone size-full\" src=\"\/wp-content\/uploads\/2026\/02\/3er-Logo_caritas_SkF_SKM.png\" alt=\"\" width=\"673\" height=\"225\" \/><\/td>\n<td style=\"width: 45%;\"><a href=\"https:\/\/www.aktion-mensch.de\/inklusion\"><img loading=\"lazy\" decoding=\"async\" class=\"alignnone wp-image-18 size-full\" src=\"https:\/\/ichbestimmeselbst.de\/wp-content\/uploads\/2025\/10\/aktion-mensch.png\" alt=\"Inklusionsseite der Aktion Mensch\" width=\"396\" height=\"232\" srcset=\"https:\/\/ichbestimmeselbst.de\/wp-content\/uploads\/2025\/10\/aktion-mensch.png 396w, https:\/\/ichbestimmeselbst.de\/wp-content\/uploads\/2025\/10\/aktion-mensch-300x176.png 300w\" sizes=\"(max-width: 396px) 100vw, 396px\" \/><\/a><\/td>\n<\/tr>\n<\/tbody>\n<\/table>\n<p>[\/et_pb_text][\/et_pb_column][\/et_pb_row][\/et_pb_section]<\/p>\n","protected":false},"excerpt":{"rendered":"<p>Alle Informationen und Dokumente im \u00dcberblick Formulare Was mache ich bei Problemen mit meinem rechtlichen Betreuer? [Video TH K\u00f6ln] &nbsp; Antrag auf Betreuerwechsel einfache Sprache (wenn ich eine Person voschlage) &nbsp; Antrag auf Betreuerwechsel einfache Sprache (wenn ich keine Person vorschlage) &nbsp; Antrag auf Betreuerwechsel einfache Sprache (wenn ich eine Person voschlage) &nbsp; Aufhebung einzelne [&hellip;]<\/p>\n","protected":false},"author":2,"featured_media":0,"parent":0,"menu_order":0,"comment_status":"closed","ping_status":"closed","template":"","meta":{"_et_pb_use_builder":"on","_et_pb_old_content":"","_et_gb_content_width":"","footnotes":""},"class_list":["post-789","page","type-page","status-publish","hentry"],"_links":{"self":[{"href":"https:\/\/ichbestimmeselbst.de\/index.php\/wp-json\/wp\/v2\/pages\/789","targetHints":{"allow":["GET"]}}],"collection":[{"href":"https:\/\/ichbestimmeselbst.de\/index.php\/wp-json\/wp\/v2\/pages"}],"about":[{"href":"https:\/\/ichbestimmeselbst.de\/index.php\/wp-json\/wp\/v2\/types\/page"}],"author":[{"embeddable":true,"href":"https:\/\/ichbestimmeselbst.de\/index.php\/wp-json\/wp\/v2\/users\/2"}],"replies":[{"embeddable":true,"href":"https:\/\/ichbestimmeselbst.de\/index.php\/wp-json\/wp\/v2\/comments?post=789"}],"version-history":[{"count":17,"href":"https:\/\/ichbestimmeselbst.de\/index.php\/wp-json\/wp\/v2\/pages\/789\/revisions"}],"predecessor-version":[{"id":1140,"href":"https:\/\/ichbestimmeselbst.de\/index.php\/wp-json\/wp\/v2\/pages\/789\/revisions\/1140"}],"wp:attachment":[{"href":"https:\/\/ichbestimmeselbst.de\/index.php\/wp-json\/wp\/v2\/media?parent=789"}],"curies":[{"name":"wp","href":"https:\/\/api.w.org\/{rel}","templated":true}]}}