{"id":294,"date":"2025-11-05T17:07:21","date_gmt":"2025-11-05T16:07:21","guid":{"rendered":"https:\/\/ichbestimmeselbst.de\/?page_id=294"},"modified":"2026-03-23T11:07:34","modified_gmt":"2026-03-23T10:07:34","slug":"kontakt","status":"publish","type":"page","link":"https:\/\/ichbestimmeselbst.de\/index.php\/kontakt\/","title":{"rendered":"Kontakt"},"content":{"rendered":"<p>[et_pb_section fb_built=&#8220;1&#8243; fullwidth=&#8220;on&#8220; module_id=&#8220;hero&#8220; _builder_version=&#8220;4.27.4&#8243; _module_preset=&#8220;default&#8220; global_colors_info=&#8220;{}&#8220;][et_pb_fullwidth_image src=&#8220;https:\/\/ichbestimmeselbst.de\/wp-content\/uploads\/2025\/10\/Gruppenbild-scaled.png&#8220; title_text=&#8220;Gruppenbild&#8220; admin_label=&#8220;Gruppenbild&#8220; _builder_version=&#8220;4.27.4&#8243; _module_preset=&#8220;default&#8220; global_colors_info=&#8220;{}&#8220;][\/et_pb_fullwidth_image][\/et_pb_section][et_pb_section fb_built=&#8220;1&#8243; _builder_version=&#8220;4.27.4&#8243; _module_preset=&#8220;default&#8220; global_colors_info=&#8220;{}&#8220;][et_pb_row module_id=&#8220;home-01&#8243; module_class=&#8220;kontakt-header&#8220; _builder_version=&#8220;4.27.4&#8243; _module_preset=&#8220;default&#8220; global_colors_info=&#8220;{}&#8220;][et_pb_column type=&#8220;4_4&#8243; _builder_version=&#8220;4.27.4&#8243; _module_preset=&#8220;default&#8220; global_colors_info=&#8220;{}&#8220;][et_pb_text admin_label=&#8220;Melde dich bei uns!&#8220; _builder_version=&#8220;4.27.5&#8243; _module_preset=&#8220;default&#8220; global_colors_info=&#8220;{}&#8220;]<\/p>\n<p><img loading=\"lazy\" decoding=\"async\" class=\"image-kontakt wp-image-44 alignnone size-full\" src=\"https:\/\/ichbestimmeselbst.de\/wp-content\/uploads\/2025\/10\/regenschirm.png\" alt=\"\" width=\"1125\" height=\"1084\" srcset=\"https:\/\/ichbestimmeselbst.de\/wp-content\/uploads\/2025\/10\/regenschirm.png 1125w, https:\/\/ichbestimmeselbst.de\/wp-content\/uploads\/2025\/10\/regenschirm-980x944.png 980w, https:\/\/ichbestimmeselbst.de\/wp-content\/uploads\/2025\/10\/regenschirm-480x463.png 480w\" sizes=\"(min-width: 0px) and (max-width: 480px) 480px, (min-width: 481px) and (max-width: 980px) 980px, (min-width: 981px) 1125px, 100vw\" \/><\/p>\n<div class=\"inner\">\n<h2>Melde dich bei uns!<\/h2>\n<p>Wir m\u00f6chten Menschen mit Betreuung helfen, mehr \u00fcber ihre Rechte zu wissen. <br \/>Wir sind eine Gruppe von Menschen aus acht katholischen Betreuungs\u00b7vereinen in ganz Deutschland. <br \/>Wir setzen uns f\u00fcr mehr Teil\u00b7habe ein und denken uns viele neue Materialien in Einfacher Sprache aus, zum Beispiel Vortr\u00e4ge oder Brosch\u00fcren. <br \/>Einige Menschen stehen uns dabei zur Seite: von der Di\u00f6zesan\u00b7ebene und der Bundes\u00b7ebene.<br \/>Wir arbeiten weiter an dieser Internet\u00b7seite.<br \/>Wir m\u00f6chten, dass alle Menschen gut informiert sind und gut entscheiden k\u00f6nnen.<\/p>\n<\/div>\n<p>[\/et_pb_text][\/et_pb_column][\/et_pb_row][\/et_pb_section][et_pb_section fb_built=&#8220;1&#8243; module_id=&#8220;kontakt-personen&#8220; _builder_version=&#8220;4.27.4&#8243; _module_preset=&#8220;default&#8220; global_colors_info=&#8220;{}&#8220;][et_pb_row _builder_version=&#8220;4.27.4&#8243; _module_preset=&#8220;default&#8220; global_colors_info=&#8220;{}&#8220;][et_pb_column type=&#8220;4_4&#8243; _builder_version=&#8220;4.27.4&#8243; _module_preset=&#8220;default&#8220; global_colors_info=&#8220;{}&#8220;][et_pb_text admin_label=&#8220;Sanna Zachej&#8220; _builder_version=&#8220;4.27.5&#8243; _module_preset=&#8220;default&#8220; global_colors_info=&#8220;{}&#8220;]<\/p>\n<table class=\"ansprechpartner\" style=\"border-collapse: collapse; width: 100%;\" border=\"1\">\n<tbody>\n<tr>\n<td style=\"width: 25%;\"><img loading=\"lazy\" decoding=\"async\" class=\"wp-image-45 alignnone size-full\" src=\"https:\/\/ichbestimmeselbst.de\/wp-content\/uploads\/2025\/10\/Sanna_Zachej.png\" alt=\"\" width=\"736\" height=\"724\" srcset=\"https:\/\/ichbestimmeselbst.de\/wp-content\/uploads\/2025\/10\/Sanna_Zachej.png 736w, https:\/\/ichbestimmeselbst.de\/wp-content\/uploads\/2025\/10\/juergen-goebel-480x473.png 480w\" sizes=\"(min-width: 0px) and (max-width: 480px) 480px, (min-width: 481px) 736px, 100vw\" \/><\/td>\n<td style=\"width: 37.5%;\">\n<h3>Ich leite unsere Gruppe<br \/>und habe alles im Blick.<br \/>Melde dich gern!<\/h3>\n<h4>Sanna Zachej<\/h4>\n<p><strong>E-Mail:<\/strong> <a href=\"mailto:zachej@skmev.de\">zachej@skmev.de<\/a><br \/><strong>Telefon:<\/strong><a href=\"tel:01 76 11 51 20 95\"> 01 76 11 51 20 95<\/a><\/p>\n<\/td>\n<td style=\"width: 37.5%;\">\n<p><img loading=\"lazy\" decoding=\"async\" class=\"wp-image-51 alignnone size-full\" src=\"https:\/\/ichbestimmeselbst.de\/wp-content\/uploads\/2025\/10\/info.png\" alt=\"\" width=\"96\" height=\"96\" \/><\/p>\n<p><strong>Sanna Zachej plant und organisiert alles so, dass wir unser gemeinsames Ziel Schritt f\u00fcr Schritt erreichen.\u00a0<\/strong><\/p>\n<\/td>\n<\/tr>\n<\/tbody>\n<\/table>\n<p>[\/et_pb_text][et_pb_text admin_label=&#8220;Martina Z\u00fcger&#8220; _builder_version=&#8220;4.27.4&#8243; _module_preset=&#8220;default&#8220; global_colors_info=&#8220;{}&#8220;]<\/p>\n<table class=\"ansprechpartner\" style=\"border-collapse: collapse; width: 100%;\" border=\"1\">\n<tbody>\n<tr>\n<td style=\"width: 25%;\"><img loading=\"lazy\" decoding=\"async\" class=\"wp-image-50 alignnone size-full\" src=\"https:\/\/ichbestimmeselbst.de\/wp-content\/uploads\/2025\/10\/Zueger_Martina.png\" alt=\"\" width=\"736\" height=\"724\" srcset=\"https:\/\/ichbestimmeselbst.de\/wp-content\/uploads\/2025\/10\/Zueger_Martina.png 736w, https:\/\/ichbestimmeselbst.de\/wp-content\/uploads\/2025\/10\/juergen-goebel-480x473.png 480w\" sizes=\"(min-width: 0px) and (max-width: 480px) 480px, (min-width: 481px) 736px, 100vw\" \/><\/td>\n<td style=\"width: 37.5%;\">\n<h3>Ich mache unsere Ergebnisse<br \/>in der Gesellschaft sichtbar<\/h3>\n<h4>Martina Z\u00fcger<\/h4>\n<p><strong>E-Mail:<\/strong> <a href=\"mailto:zueger@skmev.de\">zueger@skmev.de<\/a><br \/><strong>Telefon:<\/strong> 02 11 23 39 48 43<\/p>\n<\/td>\n<td style=\"width: 37.5%;\">\n<p><img loading=\"lazy\" decoding=\"async\" class=\"wp-image-51 alignnone size-full\" src=\"https:\/\/ichbestimmeselbst.de\/wp-content\/uploads\/2025\/10\/info.png\" alt=\"\" width=\"96\" height=\"96\" \/><\/p>\n<p><strong>Martina Z\u00fcger erkl\u00e4rt schwierige Themen einfach. Sie gestaltet Texte, Bilder und Videos f\u00fcr alle.<\/strong><\/p>\n<\/td>\n<\/tr>\n<\/tbody>\n<\/table>\n<p>[\/et_pb_text][et_pb_text admin_label=&#8220;Armatha Arulnesan&#8220; _builder_version=&#8220;4.27.5&#8243; _module_preset=&#8220;default&#8220; hover_enabled=&#8220;0&#8243; global_colors_info=&#8220;{}&#8220; sticky_enabled=&#8220;0&#8243;]<\/p>\n<table class=\"ansprechpartner\" style=\"border-collapse: collapse; width: 100%;\" border=\"1\">\n<tbody>\n<tr>\n<td style=\"width: 25%;\"><img loading=\"lazy\" decoding=\"async\" class=\"wp-image-19 alignnone size-full\" src=\"https:\/\/ichbestimmeselbst.de\/wp-content\/uploads\/2025\/10\/Arulnesan_Armatha.png\" alt=\"\" width=\"736\" height=\"724\" srcset=\"https:\/\/ichbestimmeselbst.de\/wp-content\/uploads\/2025\/10\/Arulnesan_Armatha.png 736w, https:\/\/ichbestimmeselbst.de\/wp-content\/uploads\/2025\/10\/Arulnesan_Armatha-480x472.png 480w\" sizes=\"(min-width: 0px) and (max-width: 480px) 480px, (min-width: 481px) 736px, 100vw\" \/><\/td>\n<td style=\"width: 37.5%;\">\n<h3>Ich begleite die Gruppe im B\u00fcro<\/h3>\n<h4>Armatha Chelvarasa<\/h4>\n<p><strong>E-Mail:<\/strong> <a href=\"chelvarasa@skmev.de\">chelvarasa@skmev.de<\/a><br \/><strong>Telefon:<\/strong> 02 11 23 39 48 55<\/p>\n<\/td>\n<td style=\"width: 37.5%;\">\n<p><img loading=\"lazy\" decoding=\"async\" class=\"wp-image-51 alignnone size-full\" src=\"https:\/\/ichbestimmeselbst.de\/wp-content\/uploads\/2025\/10\/info.png\" alt=\"\" width=\"96\" height=\"96\" \/><\/p>\n<p><strong>Armatha Chelvarasa k\u00fcmmert sich um Rechnungen, Listen und vieles was im Hintergrund passiert.<\/strong><\/p>\n<\/td>\n<\/tr>\n<\/tbody>\n<\/table>\n<p>[\/et_pb_text][\/et_pb_column][\/et_pb_row][\/et_pb_section][et_pb_section fb_built=&#8220;1&#8243; module_id=&#8220;contact-means&#8220; _builder_version=&#8220;4.27.4&#8243; _module_preset=&#8220;default&#8220; global_colors_info=&#8220;{}&#8220;][et_pb_row column_structure=&#8220;2_5,3_5&#8243; _builder_version=&#8220;4.27.4&#8243; _module_preset=&#8220;default&#8220; global_colors_info=&#8220;{}&#8220;][et_pb_column type=&#8220;2_5&#8243; _builder_version=&#8220;4.27.4&#8243; _module_preset=&#8220;default&#8220; global_colors_info=&#8220;{}&#8220;][et_pb_text admin_label=&#8220;Rufe uns an&#8220; _builder_version=&#8220;4.27.5&#8243; _module_preset=&#8220;default&#8220; global_colors_info=&#8220;{}&#8220;]<\/p>\n<h2>Rufe uns an<\/h2>\n<p>Du hast Fragen zur Rechtlichen Betreuung? <br \/>Du oder eine andere Person suchen Hilfe? <br \/>Wir sind f\u00fcr dich da. <br \/>Wir h\u00f6ren dir zu und nehmen deine Fragen ernst. <br \/>Melde dich bei uns.<\/p>\n<h3>Wir schaffen das. Gemeinsam.<\/h3>\n<p><a class=\"tel\" href=\"#\"><strong>Telefon:<\/strong> 02 11 23 39 48 0<\/a><\/p>\n<p>[\/et_pb_text][\/et_pb_column][et_pb_column type=&#8220;3_5&#8243; _builder_version=&#8220;4.27.4&#8243; _module_preset=&#8220;default&#8220; global_colors_info=&#8220;{}&#8220;][et_pb_text admin_label=&#8220;Kontakformular&#8220; module_id=&#8220;kontaktformular&#8220; _builder_version=&#8220;4.27.4&#8243; _module_preset=&#8220;default&#8220; global_colors_info=&#8220;{}&#8220;]<\/p>\n<h2>Sende uns eine Nachricht<\/h2>\n\n<div class=\"wpcf7 no-js\" id=\"wpcf7-f319-o1\" lang=\"de-DE\" dir=\"ltr\" data-wpcf7-id=\"319\">\n<div class=\"screen-reader-response\"><p role=\"status\" aria-live=\"polite\" aria-atomic=\"true\"><\/p> <ul><\/ul><\/div>\n<form action=\"\/index.php\/wp-json\/wp\/v2\/pages\/294#wpcf7-f319-o1\" method=\"post\" class=\"wpcf7-form init\" aria-label=\"Kontaktformular\" novalidate=\"novalidate\" data-status=\"init\">\n<fieldset class=\"hidden-fields-container\"><input type=\"hidden\" name=\"_wpcf7\" value=\"319\" \/><input type=\"hidden\" name=\"_wpcf7_version\" value=\"6.1.5\" \/><input type=\"hidden\" name=\"_wpcf7_locale\" value=\"de_DE\" \/><input type=\"hidden\" name=\"_wpcf7_unit_tag\" value=\"wpcf7-f319-o1\" \/><input type=\"hidden\" name=\"_wpcf7_container_post\" value=\"0\" \/><input type=\"hidden\" name=\"_wpcf7_posted_data_hash\" value=\"\" \/>\n<\/fieldset>\n<p><label><span class=\"wpcf7-form-control-wrap\" data-name=\"your-name\"><input size=\"40\" maxlength=\"400\" class=\"wpcf7-form-control wpcf7-text wpcf7-validates-as-required\" aria-required=\"true\" aria-invalid=\"false\" placeholder=\"Dein Name\" value=\"\" type=\"text\" name=\"your-name\" \/><\/span> <\/label>\n<\/p>\n<p><label><span class=\"wpcf7-form-control-wrap\" data-name=\"your-subject\"><input size=\"40\" maxlength=\"400\" class=\"wpcf7-form-control wpcf7-text wpcf7-validates-as-required\" aria-required=\"true\" aria-invalid=\"false\" placeholder=\"Worum geht es?\" value=\"\" type=\"text\" name=\"your-subject\" \/><\/span> <\/label>\n<\/p>\n<p><label><span class=\"wpcf7-form-control-wrap\" data-name=\"your-email\"><input size=\"40\" maxlength=\"400\" class=\"wpcf7-form-control wpcf7-email wpcf7-validates-as-required wpcf7-text wpcf7-validates-as-email\" aria-required=\"true\" aria-invalid=\"false\" placeholder=\"Deine E-Mail-Adresse\" value=\"\" type=\"email\" name=\"your-email\" \/><\/span> <\/label>\n<\/p>\n<p><label> <span class=\"wpcf7-form-control-wrap\" data-name=\"your-message\"><textarea cols=\"40\" rows=\"10\" maxlength=\"2000\" class=\"wpcf7-form-control wpcf7-textarea\" aria-invalid=\"false\" placeholder=\"Hier ist viel Platz. Schreibe hier, was du uns sagen m\u00f6chtest.\" name=\"your-message\"><\/textarea><\/span> <\/label>\n<\/p>\n<p><input class=\"wpcf7-form-control wpcf7-submit has-spinner\" type=\"submit\" value=\"Deine Nachricht abschicken\" \/>\n<\/p><div class=\"wpcf7-response-output\" aria-hidden=\"true\"><\/div>\n<\/form>\n<\/div>\n\n<p>[\/et_pb_text][\/et_pb_column][\/et_pb_row][\/et_pb_section][et_pb_section fb_built=&#8220;1&#8243; admin_label=&#8220;Footer Main&#8220; module_id=&#8220;new-footer&#8220; _builder_version=&#8220;4.27.4&#8243; _module_preset=&#8220;default&#8220; global_module=&#8220;70&#8243; saved_tabs=&#8220;all&#8220; global_colors_info=&#8220;{}&#8220;][et_pb_row column_structure=&#8220;1_3,1_3,1_3&#8243; _builder_version=&#8220;4.27.4&#8243; _module_preset=&#8220;default&#8220; global_colors_info=&#8220;{}&#8220;][et_pb_column type=&#8220;1_3&#8243; _builder_version=&#8220;4.27.4&#8243; _module_preset=&#8220;default&#8220; global_colors_info=&#8220;{}&#8220;][et_pb_text module_id=&#8220;standort&#8220; _builder_version=&#8220;4.27.5&#8243; _module_preset=&#8220;default&#8220; global_colors_info=&#8220;{}&#8220;]<\/p>\n<h2>Standort<\/h2>\n<p>Arbeitsstelle Rechtliche Betreuung DCV, SkF, SKM<br \/>im SKM Bundesverband<br \/>Sternstra\u00dfe 71-73<br \/>40479 D\u00fcsseldorf<br \/><a href=\"mailto:rechtliche-betreuung@skmev.de \">rechtliche-betreuung@skmev.de <\/a><\/p>\n<p>[\/et_pb_text][\/et_pb_column][et_pb_column type=&#8220;1_3&#8243; _builder_version=&#8220;4.27.4&#8243; _module_preset=&#8220;default&#8220; global_colors_info=&#8220;{}&#8220;][et_pb_text module_id=&#8220;footer-links&#8220; _builder_version=&#8220;4.27.5&#8243; _module_preset=&#8220;default&#8220; global_colors_info=&#8220;{}&#8220;]<\/p>\n<p><a href=\"https:\/\/ichbestimmeselbst.de\/index.php\/kontakt\/\">Melde dich bei uns!<\/a><br \/><a href=\"https:\/\/ichbestimmeselbst.de\/index.php\/download-2\/\">Materialien zum Download<\/a><br \/><a href=\"https:\/\/ichbestimmeselbst.de\/index.php\/impressum\/\">Impressum<\/a><br \/><a href=\"https:\/\/ichbestimmeselbst.de\/index.php\/datenschutzerklaerung\/\">Datenschutz<\/a><br \/><a href=\"https:\/\/ichbestimmeselbst.de\/index.php\/erklaerung-zur-barrierefreiheit\/\">Barrierefreiheit<\/a><\/p>\n<p>[\/et_pb_text][\/et_pb_column][et_pb_column type=&#8220;1_3&#8243; _builder_version=&#8220;4.27.4&#8243; _module_preset=&#8220;default&#8220; global_colors_info=&#8220;{}&#8220;][et_pb_text module_id=&#8220;footer-social&#8220; _builder_version=&#8220;4.27.5&#8243; _module_preset=&#8220;default&#8220; global_colors_info=&#8220;{}&#8220;]<\/p>\n<p>Finde uns in den sozialen Medien:<\/p>\n<table style=\"border-collapse: collapse; width: 100%;\" border=\"1\">\n<tbody>\n<tr>\n<td style=\"width: 25%;\"><a href=\"https:\/\/www.instagram.com\/katholische.betreuungsvereine\/\" target=\"_blank\" rel=\"noopener\"><img loading=\"lazy\" decoding=\"async\" class=\"alignnone wp-image-29 size-full\" src=\"https:\/\/ichbestimmeselbst.de\/wp-content\/uploads\/2025\/10\/insta.png\" alt=\"Arbeitsstelle Rechtliche Betreuung auf Instagram\" width=\"114\" height=\"114\" data-wp-editing=\"1\" \/><\/a><\/td>\n<td style=\"width: 25%;\"><a href=\"https:\/\/www.facebook.com\/KatholischeBetreuungsvereine\" target=\"_blank\" rel=\"noopener\"><img loading=\"lazy\" decoding=\"async\" class=\"alignnone wp-image-24 size-full\" src=\"https:\/\/ichbestimmeselbst.de\/wp-content\/uploads\/2025\/10\/fb.png\" alt=\"Arbeitsstelle Rechtliche Betreuung auf Facebook\" width=\"114\" height=\"113\" \/><\/a><\/td>\n<td style=\"width: 25%;\"><a href=\"https:\/\/www.linkedin.com\/company\/104911383\" target=\"_blank\" rel=\"noopener\"><img loading=\"lazy\" decoding=\"async\" class=\"alignnone wp-image-36 size-full\" src=\"https:\/\/ichbestimmeselbst.de\/wp-content\/uploads\/2025\/10\/linkedin.png\" alt=\"Arbeitsstelle Rechtliche Betreuung auf LinkedIn\" width=\"114\" height=\"113\" \/><\/a><\/td>\n<td style=\"width: 25%;\"><a href=\"https:\/\/www.youtube.com\/channel\/UCdvuAJU0C2joahCTUAxgXwQ\" target=\"_blank\" rel=\"noopener\"><img loading=\"lazy\" decoding=\"async\" class=\"alignnone wp-image-49 size-full\" src=\"https:\/\/ichbestimmeselbst.de\/wp-content\/uploads\/2025\/10\/youtube.png\" alt=\"Arbeitsstelle Rechtliche Betreuung auf Youtube\" width=\"113\" height=\"113\" \/><\/a><\/td>\n<\/tr>\n<\/tbody>\n<\/table>\n<p><span class=\"copyright\">\u00a9SKM Bundesverband<\/span><\/p>\n<p>[\/et_pb_text][\/et_pb_column][\/et_pb_row][\/et_pb_section][et_pb_section fb_built=&#8220;1&#8243; admin_label=&#8220;Footer  Logos&#8220; module_id=&#8220;footer-logos&#8220; _builder_version=&#8220;4.27.4&#8243; _module_preset=&#8220;default&#8220; global_module=&#8220;71&#8243; saved_tabs=&#8220;all&#8220; global_colors_info=&#8220;{}&#8220;][et_pb_row _builder_version=&#8220;4.27.4&#8243; _module_preset=&#8220;default&#8220; global_colors_info=&#8220;{}&#8220;][et_pb_column type=&#8220;4_4&#8243; _builder_version=&#8220;4.27.4&#8243; _module_preset=&#8220;default&#8220; global_colors_info=&#8220;{}&#8220;][et_pb_text _builder_version=&#8220;4.27.5&#8243; _module_preset=&#8220;default&#8220; global_colors_info=&#8220;{}&#8220;]<\/p>\n<table style=\"border-collapse: collapse; width: 100%;\" border=\"1\">\n<tbody>\n<tr>\n<td style=\"width: 55%;\"><img loading=\"lazy\" decoding=\"async\" class=\"wp-image-21 alignnone size-full\" src=\"\/wp-content\/uploads\/2026\/02\/3er-Logo_caritas_SkF_SKM.png\" alt=\"\" width=\"673\" height=\"225\" \/><\/td>\n<td style=\"width: 45%;\"><a href=\"https:\/\/www.aktion-mensch.de\/inklusion\"><img loading=\"lazy\" decoding=\"async\" class=\"alignnone wp-image-18 size-full\" src=\"https:\/\/ichbestimmeselbst.de\/wp-content\/uploads\/2025\/10\/aktion-mensch.png\" alt=\"Inklusionsseite der Aktion Mensch\" width=\"396\" height=\"232\" srcset=\"https:\/\/ichbestimmeselbst.de\/wp-content\/uploads\/2025\/10\/aktion-mensch.png 396w, https:\/\/ichbestimmeselbst.de\/wp-content\/uploads\/2025\/10\/aktion-mensch-300x176.png 300w\" sizes=\"(max-width: 396px) 100vw, 396px\" \/><\/a><\/td>\n<\/tr>\n<\/tbody>\n<\/table>\n<p>[\/et_pb_text][\/et_pb_column][\/et_pb_row][\/et_pb_section]<\/p>\n","protected":false},"excerpt":{"rendered":"<p>Melde dich bei uns! Wir m\u00f6chten Menschen mit Betreuung helfen, mehr \u00fcber ihre Rechte zu wissen. Wir sind eine Gruppe von Menschen aus acht katholischen Betreuungs\u00b7vereinen in ganz Deutschland. Wir setzen uns f\u00fcr mehr Teil\u00b7habe ein und denken uns viele neue Materialien in Einfacher Sprache aus, zum Beispiel Vortr\u00e4ge oder Brosch\u00fcren. Einige Menschen stehen uns [&hellip;]<\/p>\n","protected":false},"author":2,"featured_media":0,"parent":0,"menu_order":0,"comment_status":"closed","ping_status":"closed","template":"","meta":{"_et_pb_use_builder":"on","_et_pb_old_content":"","_et_gb_content_width":"","footnotes":""},"class_list":["post-294","page","type-page","status-publish","hentry"],"_links":{"self":[{"href":"https:\/\/ichbestimmeselbst.de\/index.php\/wp-json\/wp\/v2\/pages\/294","targetHints":{"allow":["GET"]}}],"collection":[{"href":"https:\/\/ichbestimmeselbst.de\/index.php\/wp-json\/wp\/v2\/pages"}],"about":[{"href":"https:\/\/ichbestimmeselbst.de\/index.php\/wp-json\/wp\/v2\/types\/page"}],"author":[{"embeddable":true,"href":"https:\/\/ichbestimmeselbst.de\/index.php\/wp-json\/wp\/v2\/users\/2"}],"replies":[{"embeddable":true,"href":"https:\/\/ichbestimmeselbst.de\/index.php\/wp-json\/wp\/v2\/comments?post=294"}],"version-history":[{"count":28,"href":"https:\/\/ichbestimmeselbst.de\/index.php\/wp-json\/wp\/v2\/pages\/294\/revisions"}],"predecessor-version":[{"id":1152,"href":"https:\/\/ichbestimmeselbst.de\/index.php\/wp-json\/wp\/v2\/pages\/294\/revisions\/1152"}],"wp:attachment":[{"href":"https:\/\/ichbestimmeselbst.de\/index.php\/wp-json\/wp\/v2\/media?parent=294"}],"curies":[{"name":"wp","href":"https:\/\/api.w.org\/{rel}","templated":true}]}}